{"id":12164,"date":"2019-04-22T15:36:59","date_gmt":"2019-04-22T18:36:59","guid":{"rendered":"https:\/\/www.codepas.com.br\/site\/?page_id=12164"},"modified":"2019-04-24T14:10:16","modified_gmt":"2019-04-24T17:10:16","slug":"onde-fica-meu-local-de-prova","status":"publish","type":"page","link":"https:\/\/www.codepas.com.br\/site\/onde-fica-meu-local-de-prova\/","title":{"rendered":"Onde fica meu local de Prova?"},"content":{"rendered":"<h2 style=\"text-align: center;\"><span style=\"color: #ff0000;\"><a style=\"color: #ff0000;\" href=\"https:\/\/www.consulpam.com.br\/index.php?menu=concursos&amp;acao=ver&amp;id=163\">CLIQUE AQUI PARA IR PARA O SITE DA CONSULPAM<\/a><\/span><\/h2>\n<h2 style=\"text-align: center;\"><span style=\"color: #000000;\">Para descobrir o endere\u00e7o da sua prova acesse o site\u00a0<a style=\"color: #000000;\" href=\"https:\/\/www.consulpam.com.br\/index.php?menu=concursos&amp;acao=ver&amp;id=163\">https:\/\/www.consulpam.com.br\/index.php?menu=concursos&amp;acao=ver&amp;id=163<\/a>. A tela que se abrir\u00e1 mostrar\u00e1 as informa\u00e7\u00f5es sobre o concurso da Codepas.<\/span><\/h2>\n<h2 style=\"text-align: center;\"><span style=\"color: #000000;\">Clique em &#8220;\u00c1rea de Inscri\u00e7\u00e3o&#8221;.<\/span><\/h2>\n<h2 style=\"text-align: center;\"><span style=\"color: #000000;\"><a style=\"color: #000000;\" href=\"https:\/\/www.codepas.com.br\/site\/wp-content\/uploads\/2019\/04\/tela1.png\"><img decoding=\"async\" class=\"aligncenter size-full wp-image-12166\" src=\"https:\/\/www.codepas.com.br\/site\/wp-content\/uploads\/2019\/04\/tela1.png\" alt=\"\" width=\"958\" height=\"598\"  loading=\"lazy\" srcset=\"https:\/\/www.codepas.com.br\/site\/wp-content\/uploads\/2019\/04\/tela1.png 958w, https:\/\/www.codepas.com.br\/site\/wp-content\/uploads\/2019\/04\/tela1-300x187.png 300w, https:\/\/www.codepas.com.br\/site\/wp-content\/uploads\/2019\/04\/tela1-768x479.png 768w\" sizes=\"(max-width: 958px) 100vw, 958px\" \/><\/a><\/span><\/h2>\n<h2 style=\"text-align: center;\"><span style=\"color: #000000;\">Na tela &#8220;\u00c1rea de Inscri\u00e7\u00e3o&#8221; digite no campo CPF os d\u00edgitos do seu CPF e no campo Data de Nascimento digite a sua data de nascimento no formato 09\/05\/2000 (obs. \u00e9 necess\u00e1rio digitar o separador &#8220;\/&#8221;)<\/span><\/h2>\n<h2 style=\"text-align: center;\"><span style=\"color: #000000;\"><a style=\"color: #000000;\" href=\"https:\/\/www.codepas.com.br\/site\/wp-content\/uploads\/2019\/04\/tela2.png\"><img decoding=\"async\" class=\"aligncenter size-full wp-image-12167\" src=\"https:\/\/www.codepas.com.br\/site\/wp-content\/uploads\/2019\/04\/tela2.png\" alt=\"\" width=\"968\" height=\"315\"  loading=\"lazy\" srcset=\"https:\/\/www.codepas.com.br\/site\/wp-content\/uploads\/2019\/04\/tela2.png 968w, https:\/\/www.codepas.com.br\/site\/wp-content\/uploads\/2019\/04\/tela2-300x98.png 300w, https:\/\/www.codepas.com.br\/site\/wp-content\/uploads\/2019\/04\/tela2-768x250.png 768w\" sizes=\"(max-width: 968px) 100vw, 968px\" \/><\/a><\/span><\/h2>\n<h2 style=\"text-align: center;\"><span style=\"color: #000000;\">Se as informa\u00e7\u00f5es estiverem corretas, o seguinte alerta aparecer\u00e1. Clique em &#8220;OK&#8221;.<\/span><\/h2>\n<h2 style=\"text-align: center;\"><span style=\"color: #000000;\"><a style=\"color: #000000;\" href=\"https:\/\/www.codepas.com.br\/site\/wp-content\/uploads\/2019\/04\/tela3.png\"><img decoding=\"async\" class=\"aligncenter size-full wp-image-12168\" src=\"https:\/\/www.codepas.com.br\/site\/wp-content\/uploads\/2019\/04\/tela3.png\" alt=\"\" width=\"459\" height=\"165\"  loading=\"lazy\" srcset=\"https:\/\/www.codepas.com.br\/site\/wp-content\/uploads\/2019\/04\/tela3.png 459w, https:\/\/www.codepas.com.br\/site\/wp-content\/uploads\/2019\/04\/tela3-300x108.png 300w\" sizes=\"(max-width: 459px) 100vw, 459px\" \/><\/a><\/span><\/h2>\n<h2 style=\"text-align: center;\"><span style=\"color: #000000;\">Agora clique no campo &#8220;Imprimir Cart\u00e3o&#8221;<\/span><\/h2>\n<h2 style=\"text-align: center;\"><span style=\"color: #000000;\"><a style=\"color: #000000;\" href=\"https:\/\/www.codepas.com.br\/site\/wp-content\/uploads\/2019\/04\/tela4.png\"><img decoding=\"async\" class=\"aligncenter size-full wp-image-12169\" src=\"https:\/\/www.codepas.com.br\/site\/wp-content\/uploads\/2019\/04\/tela4.png\" alt=\"\" width=\"962\" height=\"291\"  loading=\"lazy\" srcset=\"https:\/\/www.codepas.com.br\/site\/wp-content\/uploads\/2019\/04\/tela4.png 962w, https:\/\/www.codepas.com.br\/site\/wp-content\/uploads\/2019\/04\/tela4-300x91.png 300w, https:\/\/www.codepas.com.br\/site\/wp-content\/uploads\/2019\/04\/tela4-768x232.png 768w\" sizes=\"(max-width: 962px) 100vw, 962px\" \/><\/a><\/span><\/h2>\n<h2 style=\"text-align: center;\"><span style=\"color: #000000;\">Role at\u00e9 o final da p\u00e1gina, suas informa\u00e7\u00f5es devem ser exibidas na tela. Por fim clique no bot\u00e3o imprimir e selecione a impressora de destino.<\/span><\/h2>\n<h2><span style=\"color: #000000;\"><a style=\"color: #000000;\" href=\"https:\/\/www.codepas.com.br\/site\/wp-content\/uploads\/2019\/04\/tela5.png\"><img decoding=\"async\" class=\"aligncenter size-full wp-image-12170\" src=\"https:\/\/www.codepas.com.br\/site\/wp-content\/uploads\/2019\/04\/tela5.png\" alt=\"\" width=\"962\" height=\"552\"  loading=\"lazy\" srcset=\"https:\/\/www.codepas.com.br\/site\/wp-content\/uploads\/2019\/04\/tela5.png 962w, https:\/\/www.codepas.com.br\/site\/wp-content\/uploads\/2019\/04\/tela5-300x172.png 300w, https:\/\/www.codepas.com.br\/site\/wp-content\/uploads\/2019\/04\/tela5-768x441.png 768w\" sizes=\"(max-width: 962px) 100vw, 962px\" \/><\/a><\/span><\/h2>\n","protected":false},"excerpt":{"rendered":"<p>CLIQUE AQUI PARA IR PARA O SITE DA CONSULPAM Para descobrir o endere\u00e7o da sua [&hellip;]<\/p>\n","protected":false},"author":1,"featured_media":0,"parent":0,"menu_order":0,"comment_status":"closed","ping_status":"closed","template":"","meta":{"footnotes":""},"class_list":["post-12164","page","type-page","status-publish","hentry"],"_links":{"self":[{"href":"https:\/\/www.codepas.com.br\/site\/wp-json\/wp\/v2\/pages\/12164"}],"collection":[{"href":"https:\/\/www.codepas.com.br\/site\/wp-json\/wp\/v2\/pages"}],"about":[{"href":"https:\/\/www.codepas.com.br\/site\/wp-json\/wp\/v2\/types\/page"}],"author":[{"embeddable":true,"href":"https:\/\/www.codepas.com.br\/site\/wp-json\/wp\/v2\/users\/1"}],"replies":[{"embeddable":true,"href":"https:\/\/www.codepas.com.br\/site\/wp-json\/wp\/v2\/comments?post=12164"}],"version-history":[{"count":6,"href":"https:\/\/www.codepas.com.br\/site\/wp-json\/wp\/v2\/pages\/12164\/revisions"}],"predecessor-version":[{"id":12183,"href":"https:\/\/www.codepas.com.br\/site\/wp-json\/wp\/v2\/pages\/12164\/revisions\/12183"}],"wp:attachment":[{"href":"https:\/\/www.codepas.com.br\/site\/wp-json\/wp\/v2\/media?parent=12164"}],"curies":[{"name":"wp","href":"https:\/\/api.w.org\/{rel}","templated":true}]}}