{"id":12117,"date":"2019-04-05T15:23:26","date_gmt":"2019-04-05T18:23:26","guid":{"rendered":"https:\/\/www.codepas.com.br\/site\/?page_id=12117"},"modified":"2026-03-26T14:37:12","modified_gmt":"2026-03-26T17:37:12","slug":"portal-da-transparencia-da-codepas","status":"publish","type":"page","link":"https:\/\/www.codepas.com.br\/site\/portal-da-transparencia-da-codepas\/","title":{"rendered":"Portal da Transpar\u00eancia da CODEPAS"},"content":{"rendered":"<p><strong>MEMBROS DO CONSELHO DE ADMINISTRA\u00c7\u00c3O &#8211; <a href=\"https:\/\/www.codepas.com.br\/site\/wp-content\/uploads\/2026\/03\/CLIQUE-AQUI-PARA-ACESSAR-2.pdf\">CLIQUE AQUI PARA ACESSAR<\/a><\/strong><\/p>\n<p><strong>MEMBRO DO\u00a0 CONSELHO FISCAL &#8211; <a href=\"https:\/\/www.codepas.com.br\/site\/wp-content\/uploads\/2025\/06\/CLIQUE-AQUI-PARA-ACESSAR-2.pdf\">CLIQUE AQUI PARA ACESSAR<\/a><\/strong><\/p>\n<p><strong>BLM &#8211; TCE &#8211;\u00a0<a href=\"https:\/\/portal.tce.rs.gov.br\/aplicprod\/f?p=50202:1:::NO:::\" target=\"_blank\" rel=\"noopener\">CLIQUE AQUI PARA ACESSAR\u00a0<\/a>(OBS: Ser\u00e1 redirecionado ao sistema do TCE para consulta.)<\/strong><\/p>\n<div style=\"width: 531px\" class=\"wp-caption aligncenter\"><a href=\"https:\/\/www.codepas.com.br\/site\/wp-content\/uploads\/2022\/08\/t.png\"><img decoding=\"async\" src=\"https:\/\/www.codepas.com.br\/site\/wp-content\/uploads\/2022\/08\/t.png\" alt=\"\" width=\"521\" height=\"253\"  loading=\"lazy\" \/><\/a><p class=\"wp-caption-text\"><strong>GUIA R\u00c1PIDO (PESQUISA PORTAL TCE-RS)<\/strong><\/p><\/div>\n<p><strong>CENTRAL DE BALAN\u00c7OS &#8211; SPED &#8211;\u00a0<a href=\"https:\/\/www.gov.br\/centraldebalancos\/#\/demonstracoes\/90149055000150\/0\/0\/1\">CLIQUE AQUI PARA ACESSAR<\/a><\/strong><\/p>\n<p><strong>RELA\u00c7\u00c3O EMPREGADOS &#8211; <a href=\"https:\/\/www.codepas.com.br\/site\/wp-content\/uploads\/2026\/03\/CLIQUE-AQUI-PARA-ACESSAR-1.pdf\">CLIQUE AQUI PARA ACESSAR<\/a><\/strong><\/p>\n<p><strong>DIRETORES E CARGOS EM COMISS\u00c3O &#8211; <a href=\"https:\/\/www.codepas.com.br\/site\/wp-content\/uploads\/2026\/02\/CLIQUE-AQUI-PARA-ACESSAR-2.pdf\">CLIQUE AQUI PARA ACESSAR<\/a><\/strong><\/p>\n<p><strong>FUN\u00c7\u00d5ES GRATIFICADAS &#8211; <a href=\"https:\/\/www.codepas.com.br\/site\/wp-content\/uploads\/2026\/03\/CLIQUE-AQUI-PARA-ACESSAR.pdf\">CLIQUE AQUI PARA ACESSAR<\/a><\/strong><\/p>\n","protected":false},"excerpt":{"rendered":"<p>MEMBROS DO CONSELHO DE ADMINISTRA\u00c7\u00c3O &#8211; CLIQUE AQUI PARA ACESSAR MEMBRO DO\u00a0 CONSELHO FISCAL &#8211; [&hellip;]<\/p>\n","protected":false},"author":1,"featured_media":0,"parent":0,"menu_order":0,"comment_status":"closed","ping_status":"closed","template":"","meta":{"footnotes":""},"class_list":["post-12117","page","type-page","status-publish","hentry"],"_links":{"self":[{"href":"https:\/\/www.codepas.com.br\/site\/wp-json\/wp\/v2\/pages\/12117"}],"collection":[{"href":"https:\/\/www.codepas.com.br\/site\/wp-json\/wp\/v2\/pages"}],"about":[{"href":"https:\/\/www.codepas.com.br\/site\/wp-json\/wp\/v2\/types\/page"}],"author":[{"embeddable":true,"href":"https:\/\/www.codepas.com.br\/site\/wp-json\/wp\/v2\/users\/1"}],"replies":[{"embeddable":true,"href":"https:\/\/www.codepas.com.br\/site\/wp-json\/wp\/v2\/comments?post=12117"}],"version-history":[{"count":182,"href":"https:\/\/www.codepas.com.br\/site\/wp-json\/wp\/v2\/pages\/12117\/revisions"}],"predecessor-version":[{"id":13735,"href":"https:\/\/www.codepas.com.br\/site\/wp-json\/wp\/v2\/pages\/12117\/revisions\/13735"}],"wp:attachment":[{"href":"https:\/\/www.codepas.com.br\/site\/wp-json\/wp\/v2\/media?parent=12117"}],"curies":[{"name":"wp","href":"https:\/\/api.w.org\/{rel}","templated":true}]}}